{"id":2651,"date":"2021-02-10T10:53:09","date_gmt":"2021-02-10T17:53:09","guid":{"rendered":"https:\/\/pointman.com\/?page_id=2651"},"modified":"2022-09-22T17:02:44","modified_gmt":"2022-09-22T23:02:44","slug":"dealersb","status":"publish","type":"page","link":"https:\/\/pointman.com\/sv\/dealersb\/","title":{"rendered":"\u00c5terf\u00f6rs\u00e4ljare"},"content":{"rendered":"<p>[et_pb_section fb_built=&#8221;1&#8243; theme_builder_area=&#8221;post_content&#8221; _builder_version=&#8221;4.18.0&#8243; _module_preset=&#8221;default&#8221;][\/et_pb_section]<\/p>\n","protected":false},"excerpt":{"rendered":"","protected":false},"author":10,"featured_media":0,"parent":0,"menu_order":0,"comment_status":"closed","ping_status":"closed","template":"","meta":{"_et_pb_use_builder":"on","_et_pb_old_content":"","_et_gb_content_width":"","content-type":"","iawp_total_views":14,"footnotes":""},"class_list":["post-2651","page","type-page","status-publish","hentry"],"_links":{"self":[{"href":"https:\/\/pointman.com\/sv\/wp-json\/wp\/v2\/pages\/2651","targetHints":{"allow":["GET"]}}],"collection":[{"href":"https:\/\/pointman.com\/sv\/wp-json\/wp\/v2\/pages"}],"about":[{"href":"https:\/\/pointman.com\/sv\/wp-json\/wp\/v2\/types\/page"}],"author":[{"embeddable":true,"href":"https:\/\/pointman.com\/sv\/wp-json\/wp\/v2\/users\/10"}],"replies":[{"embeddable":true,"href":"https:\/\/pointman.com\/sv\/wp-json\/wp\/v2\/comments?post=2651"}],"version-history":[{"count":0,"href":"https:\/\/pointman.com\/sv\/wp-json\/wp\/v2\/pages\/2651\/revisions"}],"wp:attachment":[{"href":"https:\/\/pointman.com\/sv\/wp-json\/wp\/v2\/media?parent=2651"}],"curies":[{"name":"wp","href":"https:\/\/api.w.org\/{rel}","templated":true}]}}